{"id":26,"date":"2017-12-29T04:06:42","date_gmt":"2017-12-29T04:06:42","guid":{"rendered":"http:\/\/demo2.drfuri.com\/baroque\/?page_id=26"},"modified":"2021-04-13T11:35:45","modified_gmt":"2021-04-13T11:35:45","slug":"quienes-somos","status":"publish","type":"page","link":"https:\/\/es-gestion.com\/en\/quienes-somos\/","title":{"rendered":"Quienes somos"},"content":{"rendered":"<div class=\"vc_row wpb_row vc_row-fluid\"><div class=\"container\"><div class=\"row\"><div class=\"wpb_column vc_column_container vc_col-sm-12 vc_col-lg-8 vc_col-md-8 vc_col-xs-12\"><div class=\"vc_column-inner\"><div class=\"wpb_wrapper\"><h2 style=\"font-size: 36px;text-align: left;letter-spacing:-1px;\" class=\"vc_custom_heading vc_custom_1616500596645\" >REAL ESTATE CONSULTANCY<br \/>\nWITH EXTENSIVE EXPERIENCE<br \/>\nIN THE SECTOR<\/h2><div class=\"ba-empty-space\" style=\"\"><div class=\"ba_empty_space_lg\"  style=\"height: 40px\"><\/div><div class=\"ba_empty_space_md\"  style=\"height: 40px\"><\/div><div class=\"ba_empty_space_xs\"  style=\"height: 40px\"><\/div><\/div>\n\t<div class=\"wpb_text_column wpb_content_element\" id=\"quienessomos-texto\">\n\t\t<div class=\"wpb_wrapper\">\n\t\t\t<p>ES-GESTI\u00d3N is a real estate consultancy whose managers have more than 30 years of\nexperience in the sector. It has extensive experience in a wide range of projects in the field\nof engineering and special studies. We have a team that has participated in multiple\nprojects, in different organizations, contributing its extensive experience.<\/p>\n\n\t\t<\/div>\n\t<\/div>\n<div class=\"ba-empty-space\" style=\"\"><div class=\"ba_empty_space_lg\"  style=\"height: 73px\"><\/div><div class=\"ba_empty_space_md\"  style=\"height: 40px\"><\/div><div class=\"ba_empty_space_xs\"  style=\"height: 40px\"><\/div><\/div><div class=\"ba-empty-space\" style=\"\"><div class=\"ba_empty_space_lg\"  style=\"height: 40px\"><\/div><div class=\"ba_empty_space_md\"  style=\"height: 40px\"><\/div><div class=\"ba_empty_space_xs\"  style=\"height: 40px\"><\/div><\/div><\/div><\/div><\/div><div class=\"wpb_column vc_column_container vc_col-sm-12 vc_col-lg-4 vc_col-md-4 vc_col-xs-12\"><div class=\"vc_column-inner\"><div class=\"wpb_wrapper\">\n\t<div  class=\"wpb_single_image wpb_content_element vc_align_left\">\n\t\t\n\t\t<figure class=\"wpb_wrapper vc_figure\">\n\t\t\t<div class=\"vc_single_image-wrapper   vc_box_border_grey\"><img loading=\"lazy\" decoding=\"async\" width=\"370\" height=\"368\" src=\"https:\/\/es-gestion.com\/wp-content\/uploads\/2021\/03\/image-4.png\" class=\"vc_single_image-img attachment-full\" alt=\"\" srcset=\"https:\/\/es-gestion.com\/wp-content\/uploads\/2021\/03\/image-4.png 370w, https:\/\/es-gestion.com\/wp-content\/uploads\/2021\/03\/image-4-300x298.png 300w, https:\/\/es-gestion.com\/wp-content\/uploads\/2021\/03\/image-4-150x150.png 150w, https:\/\/es-gestion.com\/wp-content\/uploads\/2021\/03\/image-4-100x100.png 100w\" sizes=\"auto, (max-width: 370px) 100vw, 370px\" \/><\/div>\n\t\t<\/figure>\n\t<\/div>\n<\/div><\/div><\/div><\/div><\/div><\/div><div class=\"vc_row wpb_row vc_row-fluid\"><div class=\"container\"><div class=\"row\"><div class=\"wpb_column vc_column_container vc_col-sm-12\"><div class=\"vc_column-inner\"><div class=\"wpb_wrapper\"><h2 style=\"font-size: 60px;text-align: left\" class=\"vc_custom_heading\" >OUR PURPOSE<\/h2>\n\t<div class=\"wpb_text_column wpb_content_element\" id=\"quienessomos-texto50\">\n\t\t<div class=\"wpb_wrapper\">\n\t\t\t<div class=\"color-dark\">\n<p>Throughout our trajectory, the purpose of ES-GESTI\u00d3N as a company has been to develop\nall our projects with the following principles:<\/p>\n<\/div>\n\n\t\t<\/div>\n\t<\/div>\n<div class=\"ba-empty-space\" style=\"\"><div class=\"ba_empty_space_lg\"  style=\"height: 80px\"><\/div><div class=\"ba_empty_space_md\"  style=\"height: 50px\"><\/div><div class=\"ba_empty_space_xs\"  style=\"height: 50px\"><\/div><\/div><\/div><\/div><\/div><\/div><\/div><\/div><div class=\"vc_row wpb_row vc_row-fluid\"><div class=\"container\"><div class=\"row\"><div class=\"wpb_column vc_column_container vc_col-sm-6 vc_col-lg-4 vc_col-md-4 vc_col-xs-12\"><div class=\"vc_column-inner\"><div class=\"wpb_wrapper\"><h5 style=\"line-height: 1;text-align: left\" class=\"vc_custom_heading primary-color vc_custom_1516870289645\" >01.<\/h5><div class=\"ba-empty-space\" style=\"\"><div class=\"ba_empty_space_lg\"  style=\"height: 35px\"><\/div><div class=\"ba_empty_space_md\"  style=\"height: 35px\"><\/div><div class=\"ba_empty_space_xs\"  style=\"height: 35px\"><\/div><\/div><h2 style=\"font-size: 36px;line-height: 1;text-align: left\" class=\"vc_custom_heading vc_custom_1616501336872\" >SPEED AND FLEXIBILITY<\/h2><div class=\"ba-empty-space\" style=\"\"><div class=\"ba_empty_space_lg\"  style=\"height: 23px\"><\/div><div class=\"ba_empty_space_md\"  style=\"height: 23px\"><\/div><div class=\"ba_empty_space_xs\"  style=\"height: 23px\"><\/div><\/div>\n\t<div class=\"wpb_text_column wpb_content_element\" >\n\t\t<div class=\"wpb_wrapper\">\n\t\t\t<p>Speed and flexibility in the\nresponse to our clients.<\/p>\n\n\t\t<\/div>\n\t<\/div>\n<div class=\"ba-empty-space\" style=\"\"><div class=\"ba_empty_space_lg\"  style=\"height: 0px\"><\/div><div class=\"ba_empty_space_md\"  style=\"height: 40px\"><\/div><div class=\"ba_empty_space_xs\"  style=\"height: 40px\"><\/div><\/div><\/div><\/div><\/div><div class=\"wpb_column vc_column_container vc_col-sm-6 vc_col-lg-4 vc_col-md-4 vc_col-xs-12\"><div class=\"vc_column-inner\"><div class=\"wpb_wrapper\"><h5 style=\"line-height: 1;text-align: left\" class=\"vc_custom_heading primary-color vc_custom_1516870884830\" >02.<\/h5><div class=\"ba-empty-space\" style=\"\"><div class=\"ba_empty_space_lg\"  style=\"height: 35px\"><\/div><div class=\"ba_empty_space_md\"  style=\"height: 35px\"><\/div><div class=\"ba_empty_space_xs\"  style=\"height: 35px\"><\/div><\/div><h2 style=\"font-size: 36px;line-height: 1;text-align: left\" class=\"vc_custom_heading vc_custom_1616501379199\" >QUALITY<\/h2><div class=\"ba-empty-space\" style=\"\"><div class=\"ba_empty_space_lg\"  style=\"height: 23px\"><\/div><div class=\"ba_empty_space_md\"  style=\"height: 23px\"><\/div><div class=\"ba_empty_space_xs\"  style=\"height: 23px\"><\/div><\/div>\n\t<div class=\"wpb_text_column wpb_content_element\" >\n\t\t<div class=\"wpb_wrapper\">\n\t\t\t<p>Save on project costs by\nensuring quality and\non-time delivery.<\/p>\n\n\t\t<\/div>\n\t<\/div>\n<div class=\"ba-empty-space\" style=\"\"><div class=\"ba_empty_space_lg\"  style=\"height: 0px\"><\/div><div class=\"ba_empty_space_md\"  style=\"height: 40px\"><\/div><div class=\"ba_empty_space_xs\"  style=\"height: 40px\"><\/div><\/div><\/div><\/div><\/div><div class=\"wpb_column vc_column_container vc_col-sm-6 vc_col-lg-4 vc_col-md-4 vc_col-xs-12\"><div class=\"vc_column-inner\"><div class=\"wpb_wrapper\"><h5 style=\"line-height: 1;text-align: left\" class=\"vc_custom_heading primary-color vc_custom_1516870891164\" >03.<\/h5><div class=\"ba-empty-space\" style=\"\"><div class=\"ba_empty_space_lg\"  style=\"height: 35px\"><\/div><div class=\"ba_empty_space_md\"  style=\"height: 35px\"><\/div><div class=\"ba_empty_space_xs\"  style=\"height: 35px\"><\/div><\/div><h2 style=\"font-size: 36px;line-height: 1;text-align: left\" class=\"vc_custom_heading vc_custom_1616501388150\" >DEVELOPMENT<\/h2><div class=\"ba-empty-space\" style=\"\"><div class=\"ba_empty_space_lg\"  style=\"height: 23px\"><\/div><div class=\"ba_empty_space_md\"  style=\"height: 23px\"><\/div><div class=\"ba_empty_space_xs\"  style=\"height: 23px\"><\/div><\/div>\n\t<div class=\"wpb_text_column wpb_content_element\" >\n\t\t<div class=\"wpb_wrapper\">\n\t\t\t<p>To encompass any of the\nstages in the development\nof a project, from its\ninception in the design\nphase to its execution,\ncommissioning or\noperation.<\/p>\n\n\t\t<\/div>\n\t<\/div>\n<div class=\"ba-empty-space\" style=\"\"><div class=\"ba_empty_space_lg\"  style=\"height: 0px\"><\/div><div class=\"ba_empty_space_md\"  style=\"height: 40px\"><\/div><div class=\"ba_empty_space_xs\"  style=\"height: 40px\"><\/div><\/div><\/div><\/div><\/div><\/div><\/div><\/div><div class=\"vc_row wpb_row vc_row-fluid\"><div class=\"container\"><div class=\"row\"><div class=\"wpb_column vc_column_container vc_col-sm-12\"><div class=\"vc_column-inner\"><div class=\"wpb_wrapper\"><div class=\"ba-empty-space\" style=\"\"><div class=\"ba_empty_space_lg\"  style=\"height: 155px\"><\/div><div class=\"ba_empty_space_md\"  style=\"height: 100px\"><\/div><div class=\"ba_empty_space_xs\"  style=\"height: 50px\"><\/div><\/div><\/div><\/div><\/div><\/div><\/div><\/div><div class=\"vc_row wpb_row vc_row-fluid\"><div class=\"container\"><div class=\"row\"><div class=\"wpb_column vc_column_container vc_col-sm-12\"><div class=\"vc_column-inner\"><div class=\"wpb_wrapper\"><div class=\"ba-portfolio-quote\">\n\t\t\t\t<div class=\"quote-header\">\n\t\t\t\t\t<h3>REAL ESTATE CONSULTANCY<\/h3>\n\t\t\t\t\t<div class=\"quote-icon\"><i class=\"icon_quotations\"><\/i><\/div>\n\t\t\t\t<\/div>\n\t\t\t\t<div class=\"quote-content\">\n\t\t\t\t\t<div class=\"quote\">As specialist consultants, we help our clients to make the best decision for their interests,\nwhether they are public authorities, private companies or private clients.<\/div>\n\t\t\t\t\t<cite>Es-Gesti\u00f3n<\/cite>\n\t\t\t\t<\/div>\n\t\t\t<\/div><div class=\"ba-empty-space\" style=\"\"><div class=\"ba_empty_space_lg\"  style=\"height: 155px\"><\/div><div class=\"ba_empty_space_md\"  style=\"height: 100px\"><\/div><div class=\"ba_empty_space_xs\"  style=\"height: 50px\"><\/div><\/div><\/div><\/div><\/div><\/div><\/div><\/div>","protected":false},"excerpt":{"rendered":"CONSULTOR\u00cdA INMOBILIARIA CON AMPLIA EXPERIENCIA EN EL SECTOR ES-GESTI\u00d3N es una consultora inmobiliaria cuyos gestores atesoran m\u00e1s de 30 a\u00f1os de experiencia en el sector. Tiene una dilatada experiencia en proyectos de variada naturaleza en el \u00e1mbito de la ingenier\u00eda y estudios especiales. Contamos con un equipo que ha participado en m\u00faltiples proyectos, en diferentes [...]","protected":false},"author":1,"featured_media":0,"parent":0,"menu_order":0,"comment_status":"closed","ping_status":"closed","template":"template-fullwidth.php","meta":{"_joinchat":[],"footnotes":""},"class_list":["post-26","page","type-page","status-publish","hentry","no-thumb"],"_links":{"self":[{"href":"https:\/\/es-gestion.com\/en\/wp-json\/wp\/v2\/pages\/26","targetHints":{"allow":["GET"]}}],"collection":[{"href":"https:\/\/es-gestion.com\/en\/wp-json\/wp\/v2\/pages"}],"about":[{"href":"https:\/\/es-gestion.com\/en\/wp-json\/wp\/v2\/types\/page"}],"author":[{"embeddable":true,"href":"https:\/\/es-gestion.com\/en\/wp-json\/wp\/v2\/users\/1"}],"replies":[{"embeddable":true,"href":"https:\/\/es-gestion.com\/en\/wp-json\/wp\/v2\/comments?post=26"}],"version-history":[{"count":79,"href":"https:\/\/es-gestion.com\/en\/wp-json\/wp\/v2\/pages\/26\/revisions"}],"predecessor-version":[{"id":2821,"href":"https:\/\/es-gestion.com\/en\/wp-json\/wp\/v2\/pages\/26\/revisions\/2821"}],"wp:attachment":[{"href":"https:\/\/es-gestion.com\/en\/wp-json\/wp\/v2\/media?parent=26"}],"curies":[{"name":"wp","href":"https:\/\/api.w.org\/{rel}","templated":true}]}}