{"id":2431,"date":"2021-03-24T12:35:29","date_gmt":"2021-03-24T12:35:29","guid":{"rendered":"http:\/\/es-gestion.com\/?page_id=2431"},"modified":"2025-02-06T15:25:46","modified_gmt":"2025-02-06T15:25:46","slug":"servicios","status":"publish","type":"page","link":"https:\/\/es-gestion.com\/en\/servicios\/","title":{"rendered":"Servicios"},"content":{"rendered":"<div class=\"vc_row wpb_row vc_row-fluid\"><div class=\"container\"><div class=\"row\"><div class=\"wpb_column vc_column_container vc_col-sm-12\"><div class=\"vc_column-inner\"><div class=\"wpb_wrapper\"><div class=\"ba-empty-space\" style=\"\"><div class=\"ba_empty_space_lg\"  style=\"height: 180px\"><\/div><div class=\"ba_empty_space_md\"  style=\"height: 120px\"><\/div><div class=\"ba_empty_space_xs\"  style=\"height: 60px\"><\/div><\/div><\/div><\/div><\/div><\/div><\/div><\/div><div class=\"vc_row wpb_row vc_row-fluid\"><div class=\"container\"><div class=\"row\"><div class=\"wpb_column vc_column_container vc_col-sm-12 vc_col-lg-4 vc_col-md-4 vc_col-xs-12\"><div class=\"vc_column-inner\"><div class=\"wpb_wrapper\"><h2 style=\"font-size: 36px;text-align: left\" class=\"vc_custom_heading vc_custom_1619016659325\" id=\"titulo-servicios\">OUR<br \/>\nSERVICES<\/h2><div class=\"ba-empty-space\" style=\"\"><div class=\"ba_empty_space_lg\"  style=\"height: 0px\"><\/div><div class=\"ba_empty_space_md\"  style=\"height: 60px\"><\/div><div class=\"ba_empty_space_xs\"  style=\"height: 60px\"><\/div><\/div><\/div><\/div><\/div><div class=\"wpb_column vc_column_container vc_col-sm-12 vc_col-lg-8 vc_col-md-8 vc_col-xs-12\"><div class=\"vc_column-inner\"><div class=\"wpb_wrapper\"><div class=\"ba-service style-1 content-left titulo1-servicios\"><div class=\"service-thumbnail\"><a href=\"http:\/\/es-gestion.com\/en\/gestiones-de-suelo\/\"><img loading=\"lazy\" decoding=\"async\" class=\"\" src=\"https:\/\/es-gestion.com\/wp-content\/uploads\/2021\/03\/1-SUPOI-8-1-min-min-792x490.jpg\" width=\"792\" height=\"490\" alt=\"1-SUPOI-8-1-min-min\" title=\"1-SUPOI-8-1-min-min\" \/><\/a><\/div><div class=\"service-summary\"><span>Urban Development<\/span><h3><a href=\"http:\/\/es-gestion.com\/en\/gestiones-de-suelo\/\" title=\"Land Management\">LAND MANAGEMENT<\/a><\/h3><a href=\"http:\/\/es-gestion.com\/en\/gestiones-de-suelo\/\" title=\"Land Management\" class=\"read-more\">Land Management<i class=\"icon-plus\"><\/i><\/a><\/div><\/div>\n\t<div class=\"wpb_text_column wpb_content_element  texto-servicio\" >\n\t\t<div class=\"wpb_wrapper\">\n\t\t\t<p>We rationalise land use, advising developers, banks, companies and individuals on the acquisition, sale or management of land for residential, commercial or industrial use.<\/p>\n\n\t\t<\/div>\n\t<\/div>\n<div class=\"ba-button text-left outline  dark-color\"><a class=\"button\" href=\"http:\/\/es-gestion.com\/en\/gestiones-de-suelo\/\">SEE MORE<i class=\"ion-ios-arrow-right\"><\/i><\/a><\/div><\/div><\/div><\/div><\/div><\/div><\/div><div class=\"vc_row wpb_row vc_row-fluid\"><div class=\"container\"><div class=\"row\"><div class=\"wpb_column vc_column_container vc_col-sm-12\"><div class=\"vc_column-inner\"><div class=\"wpb_wrapper\"><div class=\"ba-empty-space\" style=\"\"><div class=\"ba_empty_space_lg\"  style=\"height: 65px\"><\/div><div class=\"ba_empty_space_md\"  style=\"height: 50px\"><\/div><div class=\"ba_empty_space_xs\"  style=\"height: 50px\"><\/div><\/div><\/div><\/div><\/div><\/div><\/div><\/div><div class=\"vc_row wpb_row vc_row-fluid\"><div class=\"container\"><div class=\"row\"><div class=\"wpb_column vc_column_container vc_col-sm-12 vc_col-lg-6 vc_col-md-6 vc_col-xs-12\"><div class=\"vc_column-inner\"><div class=\"wpb_wrapper\"><div class=\"ba-service style-1 content-right\"><div class=\"service-thumbnail\"><a href=\"http:\/\/es-gestion.com\/en\/urbanismo\/\"><img loading=\"lazy\" decoding=\"async\" class=\"\" src=\"https:\/\/es-gestion.com\/wp-content\/uploads\/2021\/03\/AVDA-SALAMANCA-Valladolid-min-1024x683-min-569x490.jpg\" width=\"569\" height=\"490\" alt=\"AVDA-SALAMANCA-Valladolid-min-1024x683-min\" title=\"AVDA-SALAMANCA-Valladolid-min-1024x683-min\" \/><\/a><\/div><div class=\"service-summary\"><span>Urban Development<\/span><h3><a href=\"http:\/\/es-gestion.com\/en\/urbanismo\/\" title=\"MORE\">URBAN DEVELOPMENTS<\/a><\/h3><a href=\"http:\/\/es-gestion.com\/en\/urbanismo\/\" title=\"MORE\" class=\"read-more\">MORE<i class=\"icon-plus\"><\/i><\/a><\/div><\/div>\n\t<div class=\"wpb_text_column wpb_content_element  texto-servicio\" >\n\t\t<div class=\"wpb_wrapper\">\n\t\t\t<p>Because once a city is built, its physical structure and land use patterns can remain in\nplace for generations, we help cities and metropolitan areas develop so that they\ncontribute to sustainable growth, facilitate innovation and increase productivity. This is\nimportant to consider when 80% of the world's GDP is generated in cities.<\/p>\n\n\t\t<\/div>\n\t<\/div>\n<div class=\"ba-empty-space\" style=\"\"><div class=\"ba_empty_space_lg\"  style=\"height: 30px\"><\/div><div class=\"ba_empty_space_md\"  style=\"height: 100px\"><\/div><div class=\"ba_empty_space_xs\"  style=\"height: 60px\"><\/div><\/div><div class=\"ba-button text-left outline  dark-color\"><a class=\"button\" href=\"http:\/\/es-gestion.com\/en\/urbanismo\/\" target=\"_blank\">OUR PROJECTS<i class=\"ion-ios-arrow-right\"><\/i><\/a><\/div><div class=\"ba-empty-space\" style=\"\"><div class=\"ba_empty_space_lg\"  style=\"height: 172px\"><\/div><div class=\"ba_empty_space_md\"  style=\"height: 100px\"><\/div><div class=\"ba_empty_space_xs\"  style=\"height: 60px\"><\/div><\/div><div class=\"vc_row wpb_row vc_inner vc_row-fluid\"><div class=\"wpb_column vc_column_container vc_col-sm-12 vc_col-lg-8 vc_col-md-8 vc_col-xs-12\"><div class=\"vc_column-inner\"><div class=\"wpb_wrapper\"><div class=\"ba-service style-2\"><div class=\"service-thumbnail\"><a href=\"http:\/\/es-gestion.com\/en\/contacto\/\"><img loading=\"lazy\" decoding=\"async\" class=\"\" src=\"https:\/\/es-gestion.com\/wp-content\/uploads\/2018\/09\/5-400x398.jpg\" width=\"400\" height=\"398\" alt=\"5\" title=\"5\" \/><\/a><a href=\"http:\/\/es-gestion.com\/en\/contacto\/\" title=\"MORE\" class=\"read-more\">MORE<i class=\"icon-plus\"><\/i><\/a><\/div><div class=\"service-summary\"><span>Consultancy<\/span><h3><a href=\"http:\/\/es-gestion.com\/en\/contacto\/\" title=\"MORE\">TECHNICAL AND LEGAL CONSULTANCY<\/a><\/h3><\/div><\/div>\n\t<div class=\"wpb_text_column wpb_content_element  texto-servicio\" >\n\t\t<div class=\"wpb_wrapper\">\n\t\t\t<p>ES-GESTI\u00d3N develops a system of action based on the\u00a0<strong>Circle of Excellence<\/strong>\u00a0that involves communication with clients, control and analysis of opportunities and deviations\nthroughout the process. In this way it is possible to structure the projects in phases, all\nunder comprehensive legal advice.<\/p>\n\n\t\t<\/div>\n\t<\/div>\n<div class=\"ba-button text-left outline  dark-color\"><a class=\"button\" href=\"http:\/\/es-gestion.com\/en\/contacto\/\">CONTACT<i class=\"ion-ios-arrow-right\"><\/i><\/a><\/div><\/div><\/div><\/div><div class=\"wpb_column vc_column_container vc_col-sm-12 vc_col-lg-4 vc_col-md-4 vc_hidden-sm vc_col-xs-12 vc_hidden-xs\"><div class=\"vc_column-inner\"><div class=\"wpb_wrapper\"><\/div><\/div><\/div><\/div><\/div><\/div><\/div><div class=\"wpb_column vc_column_container vc_col-sm-12 vc_col-lg-6 vc_col-md-6 vc_col-xs-12\"><div class=\"vc_column-inner\"><div class=\"wpb_wrapper\"><div class=\"ba-empty-space\" style=\"\"><div class=\"ba_empty_space_lg\"  style=\"height: 132px\"><\/div><div class=\"ba_empty_space_md\"  style=\"height: 90px\"><\/div><div class=\"ba_empty_space_xs\"  style=\"height: 60px\"><\/div><\/div><div class=\"vc_row wpb_row vc_inner vc_row-fluid\"><div class=\"wpb_column vc_column_container vc_col-sm-12 vc_col-lg-4 vc_col-md-4 vc_hidden-sm vc_col-xs-12 vc_hidden-xs\"><div class=\"vc_column-inner\"><div class=\"wpb_wrapper\"><\/div><\/div><\/div><div class=\"wpb_column vc_column_container vc_col-sm-12 vc_col-lg-8 vc_col-md-8 vc_col-xs-12\"><div class=\"vc_column-inner\"><div class=\"wpb_wrapper\"><div class=\"ba-service style-2\"><div class=\"service-thumbnail\"><a href=\"http:\/\/es-gestion.com\/en\/portfolio-category\/obra-nueva\/\"><img loading=\"lazy\" decoding=\"async\" class=\"\" src=\"https:\/\/es-gestion.com\/wp-content\/uploads\/2025\/01\/IMG_0476-scaled-400x586.jpg\" width=\"400\" height=\"586\" alt=\"Obra nueva P\u00e9rez Gald\u00f3s (Valencia)\" title=\"Obra nueva P\u00e9rez Gald\u00f3s (Valencia)\" \/><\/a><a href=\"http:\/\/es-gestion.com\/en\/portfolio-category\/obra-nueva\/\" title=\"MORE\" class=\"read-more\">MORE<i class=\"icon-plus\"><\/i><\/a><\/div><div class=\"service-summary\"><span>Development<\/span><h3><a href=\"http:\/\/es-gestion.com\/en\/portfolio-category\/obra-nueva\/\" title=\"MORE\">DEVELOPMENT AND PROMOTION OF NEW RESIDENTIAL DEVELOPMENTS<\/a><\/h3><\/div><\/div>\n\t<div class=\"wpb_text_column wpb_content_element  texto-servicio\" >\n\t\t<div class=\"wpb_wrapper\">\n\t\t\t<p>We help the promotion and marketing of new residential development of our clients\nbuilders and developers. If you do not want to have a specific sales structure, ES-Gesti\u00f3n\ngives you the solution.<\/p>\n\n\t\t<\/div>\n\t<\/div>\n<div class=\"ba-button text-left outline  dark-color\"><a class=\"button\" href=\"http:\/\/es-gestion.com\/en\/portfolio-category\/obra-nueva\/\">SEE MORE<i class=\"ion-ios-arrow-right\"><\/i><\/a><\/div><\/div><\/div><\/div><\/div><div class=\"ba-empty-space\" style=\"\"><div class=\"ba_empty_space_lg\"  style=\"height: 160px\"><\/div><div class=\"ba_empty_space_md\"  style=\"height: 100px\"><\/div><div class=\"ba_empty_space_xs\"  style=\"height: 60px\"><\/div><\/div><div class=\"ba-service style-1 content-right\"><div class=\"service-thumbnail\"><a href=\"http:\/\/es-gestion.com\/en\/project-management\/\"><img loading=\"lazy\" decoding=\"async\" class=\"\" src=\"https:\/\/es-gestion.com\/wp-content\/uploads\/2021\/04\/es-gestion-projects-management-min.jpg\" width=\"570\" height=\"437\" alt=\"es-gestion-projects-management-min\" title=\"es-gestion-projects-management-min\" \/><\/a><\/div><div class=\"service-summary\"><span>Projects<\/span><h3><a href=\"http:\/\/es-gestion.com\/en\/project-management\/\" title=\"MORE\">PROJECT MANAGEMENT<\/a><\/h3><a href=\"http:\/\/es-gestion.com\/en\/project-management\/\" title=\"MORE\" class=\"read-more\">MORE<i class=\"icon-plus\"><\/i><\/a><\/div><\/div>\n\t<div class=\"wpb_text_column wpb_content_element  texto-servicio\" >\n\t\t<div class=\"wpb_wrapper\">\n\t\t\t<p>Public works, logistics platforms, automated warehouses, shopping centres, wind farms, construction development of complete projects for any use.<\/p>\n\n\t\t<\/div>\n\t<\/div>\n<div class=\"ba-button text-left outline  dark-color\"><a class=\"button\" href=\"http:\/\/es-gestion.com\/en\/project-management\/\">SEE MORE<i class=\"ion-ios-arrow-right\"><\/i><\/a><\/div><\/div><\/div><\/div><\/div><\/div><\/div><div class=\"vc_row wpb_row vc_row-fluid\"><div class=\"container\"><div class=\"row\"><div class=\"wpb_column vc_column_container vc_col-sm-12\"><div class=\"vc_column-inner\"><div class=\"wpb_wrapper\"><div class=\"ba-empty-space\" style=\"\"><div class=\"ba_empty_space_lg\"  style=\"height: 205px\"><\/div><div class=\"ba_empty_space_md\"  style=\"height: 120px\"><\/div><div class=\"ba_empty_space_xs\"  style=\"height: 80px\"><\/div><\/div><\/div><\/div><\/div><\/div><\/div><\/div>","protected":false},"excerpt":{"rendered":"NUESTROS SERVICIOSUrbanismoGESTI\u00d3N DE SUELOGesti\u00f3n de suelo Racionalizamos la utilizaci\u00f3n del suelo, asesorando a promotoras, bancos, empresas y particulares, para la adquisici\u00f3n, venta o gesti\u00f3n de suelo o terrenos para uso residencial, comercial o industrial. VER M\u00c1SUrbanismoDESARROLLOS URBAN\u00cdSTICOSMORE Puesto que una vez que se construye una ciudad, su estructura f\u00edsica y patrones de uso del suelo [...]","protected":false},"author":1,"featured_media":0,"parent":0,"menu_order":0,"comment_status":"closed","ping_status":"closed","template":"template-fullwidth.php","meta":{"_joinchat":[],"footnotes":""},"class_list":["post-2431","page","type-page","status-publish","hentry","no-thumb"],"_links":{"self":[{"href":"https:\/\/es-gestion.com\/en\/wp-json\/wp\/v2\/pages\/2431","targetHints":{"allow":["GET"]}}],"collection":[{"href":"https:\/\/es-gestion.com\/en\/wp-json\/wp\/v2\/pages"}],"about":[{"href":"https:\/\/es-gestion.com\/en\/wp-json\/wp\/v2\/types\/page"}],"author":[{"embeddable":true,"href":"https:\/\/es-gestion.com\/en\/wp-json\/wp\/v2\/users\/1"}],"replies":[{"embeddable":true,"href":"https:\/\/es-gestion.com\/en\/wp-json\/wp\/v2\/comments?post=2431"}],"version-history":[{"count":55,"href":"https:\/\/es-gestion.com\/en\/wp-json\/wp\/v2\/pages\/2431\/revisions"}],"predecessor-version":[{"id":3114,"href":"https:\/\/es-gestion.com\/en\/wp-json\/wp\/v2\/pages\/2431\/revisions\/3114"}],"wp:attachment":[{"href":"https:\/\/es-gestion.com\/en\/wp-json\/wp\/v2\/media?parent=2431"}],"curies":[{"name":"wp","href":"https:\/\/api.w.org\/{rel}","templated":true}]}}