{"id":16,"date":"2017-12-29T04:04:55","date_gmt":"2017-12-29T04:04:55","guid":{"rendered":"http:\/\/demo2.drfuri.com\/baroque\/?page_id=16"},"modified":"2025-01-17T09:59:32","modified_gmt":"2025-01-17T09:59:32","slug":"home-parallax","status":"publish","type":"page","link":"https:\/\/es-gestion.com\/en\/","title":{"rendered":"Home Parallax"},"content":{"rendered":"<div data-vc-full-width=\"true\" data-vc-full-width-init=\"false\" data-vc-stretch-content=\"true\" class=\"vc_row wpb_row vc_row-fluid vc_row-no-padding un-row-full-width\"><div class=\"container-fluid\"><div class=\"row\"><div class=\"wpb_column vc_column_container vc_col-sm-12\"><div class=\"vc_column-inner\"><div class=\"wpb_wrapper\"><div class=\"wpb_revslider_element wpb_content_element\">\n\t\t\t<!-- START Home Parallax REVOLUTION SLIDER 6.3.3 --><p class=\"rs-p-wp-fix\"><\/p>\n\t\t\t<rs-module-wrap id=\"rev_slider_4_1_wrapper\" data-source=\"gallery\" style=\"background:transparent;padding:0;\">\n\t\t\t\t<rs-module id=\"rev_slider_4_1\" style=\"\" data-version=\"6.3.3\">\n\t\t\t\t\t<rs-slides>\n\t\t\t\t\t\t<rs-slide data-key=\"rs-22\" data-title=\"Slide 1\" data-thumb=\"\/\/es-gestion.com\/wp-content\/uploads\/2021\/04\/Edificio-4-min-scaled-100x50.jpg\" data-duration=\"7000\" data-anim=\"ei:d;eo:d;s:600;r:0;t:fade;sl:d;\" data-color=\"header-dark\" data-p1=\"01.\">\n\t\t\t\t\t\t\t<img loading=\"lazy\" decoding=\"async\" src=\"\/\/es-gestion.com\/wp-content\/uploads\/2021\/04\/Edificio-4-min-scaled.jpg\" alt=\"Obra nueva P\u00e9rez Gald\u00f3s (Valencia)\" title=\"Obra nueva P\u00e9rez Gald\u00f3s (Valencia)\" width=\"2560\" height=\"1920\" class=\"rev-slidebg\" data-no-retina>\n<!--\n\t\t\t\t\t\t\t--><rs-layer\n\t\t\t\t\t\t\t\tid=\"slider-4-slide-22-layer-2\" \n\t\t\t\t\t\t\t\tdata-type=\"text\"\n\t\t\t\t\t\t\t\tdata-color=\"#ffffff||#000000||#ffffff||#ffffff\"\n\t\t\t\t\t\t\t\tdata-rsp_ch=\"on\"\n\t\t\t\t\t\t\t\tdata-xy=\"xo:375px,225px,205px,30px;yo:300px,190px,190px,200px;\"\n\t\t\t\t\t\t\t\tdata-text=\"s:18,18,18,20;l:18;a:inherit;\"\n\t\t\t\t\t\t\t\tdata-frame_0=\"y:-50px;\"\n\t\t\t\t\t\t\t\tdata-frame_1=\"st:400;sp:500;sR:400;\"\n\t\t\t\t\t\t\t\tdata-frame_999=\"y:-50px;o:0;st:w;sp:500;sR:6100;\"\n\t\t\t\t\t\t\t\tstyle=\"z-index:9;font-family:Work Sans;text-shadow:rgb(0 0 0) 0.01em 0.01em 0.1em;\"\n\t\t\t\t\t\t\t>Quality housing \n\t\t\t\t\t\t\t<\/rs-layer><!--\n\n\t\t\t\t\t\t\t--><rs-layer\n\t\t\t\t\t\t\t\tid=\"slider-4-slide-22-layer-3\" \n\t\t\t\t\t\t\t\tdata-type=\"text\"\n\t\t\t\t\t\t\t\tdata-color=\"#ffffff||#000000||#ffffff||#ffffff\"\n\t\t\t\t\t\t\t\tdata-rsp_ch=\"on\"\n\t\t\t\t\t\t\t\tdata-xy=\"xo:370px,220px,200px,30px;yo:360px,250px,250px,250px;\"\n\t\t\t\t\t\t\t\tdata-text=\"s:110,84,84,70;l:100,84,84,48;fw:600;a:inherit;\"\n\t\t\t\t\t\t\t\tdata-frame_0=\"x:-50px;\"\n\t\t\t\t\t\t\t\tdata-frame_1=\"st:200;sp:500;sR:200;\"\n\t\t\t\t\t\t\t\tdata-frame_999=\"x:-50px;o:0;st:w;sp:500;sR:6300;\"\n\t\t\t\t\t\t\t\tstyle=\"z-index:10;font-family:Work Sans;text-shadow:rgb(0 0 0) 0.01em 0.01em 0.1em;\"\n\t\t\t\t\t\t\t>New Construction<br> \n\t\t\t\t\t\t\t<\/rs-layer><!--\n\n\t\t\t\t\t\t\t--><a\n\t\t\t\t\t\t\t\tid=\"slider-4-slide-22-layer-4\" \n\t\t\t\t\t\t\t\tclass=\"rs-layer\"\n\t\t\t\t\t\t\t\thref=\"http:\/\/es-gestion.com\/en\/portfolio-category\/obra-nueva\/\" target=\"_self\"\n\t\t\t\t\t\t\t\tdata-type=\"text\"\n\t\t\t\t\t\t\t\tdata-color=\"#ffffff||#000000||#ffffff||#ffffff\"\n\t\t\t\t\t\t\t\tdata-rsp_ch=\"on\"\n\t\t\t\t\t\t\t\tdata-xy=\"xo:372px,225px,205px,30px;yo:478px,480px,600px,465px;\"\n\t\t\t\t\t\t\t\tdata-text=\"s:18,18,18,20;l:18;fw:600;a:inherit;\"\n\t\t\t\t\t\t\t\tdata-frame_0=\"y:50px;\"\n\t\t\t\t\t\t\t\tdata-frame_1=\"st:400;sp:500;sR:400;\"\n\t\t\t\t\t\t\t\tdata-frame_999=\"y:50px;o:0;st:w;sp:500;sR:6100;\"\n\t\t\t\t\t\t\t\tstyle=\"z-index:11;font-family:Work Sans;text-shadow:rgb(0 0 0) 0.01em 0.01em 0.1em;\"\n\t\t\t\t\t\t\t>See more<i class=\"icon-chevron-right\" style=\"display: inline-block;    transform: translateY(2px);\"><\/i> \n\t\t\t\t\t\t\t<\/a><!--\n\n\t\t\t\t\t\t\t--><rs-layer\n\t\t\t\t\t\t\t\tid=\"slider-4-slide-22-layer-6\" \n\t\t\t\t\t\t\t\tdata-type=\"text\"\n\t\t\t\t\t\t\t\tdata-color=\"#ffffff||#000000||#ffffff||#ffffff\"\n\t\t\t\t\t\t\t\tdata-rsp_ch=\"on\"\n\t\t\t\t\t\t\t\tdata-xy=\"x:r,r,l,l;xo:340px,130px,200px,30px;yo:370px,350px,475px,380px;\"\n\t\t\t\t\t\t\t\tdata-text=\"s:72,64,64,48;l:72,64,64,48;fw:600;a:inherit;\"\n\t\t\t\t\t\t\t\tdata-frame_0=\"x:50px;\"\n\t\t\t\t\t\t\t\tdata-frame_1=\"st:200;sp:500;sR:200;\"\n\t\t\t\t\t\t\t\tdata-frame_999=\"x:50px;o:0;st:w;sp:500;sR:6300;\"\n\t\t\t\t\t\t\t\tstyle=\"z-index:12;font-family:Work Sans;text-shadow:rgb(0 0 0) 0.01em 0.01em 0.1em;\"\n\t\t\t\t\t\t\t>01 \n\t\t\t\t\t\t\t<\/rs-layer><!--\n\n\t\t\t\t\t\t\t--><rs-layer\n\t\t\t\t\t\t\t\tid=\"slider-4-slide-22-layer-7\" \n\t\t\t\t\t\t\t\tdata-type=\"text\"\n\t\t\t\t\t\t\t\tdata-color=\"#ffffff||#000000||#ffffff||#ffffff\"\n\t\t\t\t\t\t\t\tdata-rsp_ch=\"on\"\n\t\t\t\t\t\t\t\tdata-xy=\"x:r,r,l,l;xo:305px,100px,270px,88px;yo:370px,350px,475px,380px;\"\n\t\t\t\t\t\t\t\tdata-text=\"s:72,64,64,48;l:72,64,64,48;a:inherit;\"\n\t\t\t\t\t\t\t\tdata-frame_0=\"x:50px;\"\n\t\t\t\t\t\t\t\tdata-frame_1=\"st:200;sp:500;sR:200;\"\n\t\t\t\t\t\t\t\tdata-frame_999=\"x:50px;o:0;st:w;sp:500;sR:6300;\"\n\t\t\t\t\t\t\t\tstyle=\"z-index:13;font-family:Work Sans;text-shadow:rgb(0 0 0) 0.01em 0.01em 0.1em;\"\n\t\t\t\t\t\t\t>\/ \n\t\t\t\t\t\t\t<\/rs-layer><!--\n\n\t\t\t\t\t\t\t--><rs-layer\n\t\t\t\t\t\t\t\tid=\"slider-4-slide-22-layer-8\" \n\t\t\t\t\t\t\t\tdata-type=\"text\"\n\t\t\t\t\t\t\t\tdata-color=\"#ffffff||#000000||#ffffff||#ffffff\"\n\t\t\t\t\t\t\t\tdata-rsp_ch=\"on\"\n\t\t\t\t\t\t\t\tdata-xy=\"x:r,r,l,l;xo:265px,65px,295px,107px;yo:380px,358px,485px,388px;\"\n\t\t\t\t\t\t\t\tdata-text=\"s:30,30,30,24;l:30,30,30,24;a:inherit;\"\n\t\t\t\t\t\t\t\tdata-frame_0=\"x:50px;\"\n\t\t\t\t\t\t\t\tdata-frame_1=\"st:200;sp:500;sR:200;\"\n\t\t\t\t\t\t\t\tdata-frame_999=\"x:50px;o:0;st:w;sp:500;sR:6300;\"\n\t\t\t\t\t\t\t\tstyle=\"z-index:14;font-family:Work Sans;text-shadow:rgb(0 0 0) 0.01em 0.01em 0.1em;\"\n\t\t\t\t\t\t\t>04 \n\t\t\t\t\t\t\t<\/rs-layer><!--\n-->\t\t\t\t\t\t<\/rs-slide>\n\t\t\t\t\t\t<rs-slide data-key=\"rs-21\" data-title=\"Slide 2\" data-thumb=\"\/\/es-gestion.com\/wp-content\/uploads\/2021\/04\/4bVistas-2-min-scaled-100x50.jpg\" data-duration=\"7000\" data-anim=\"ei:d;eo:d;s:600;r:0;t:fade;sl:d;\" data-color=\"header-light\" data-p1=\"01.\">\n\t\t\t\t\t\t\t<img loading=\"lazy\" decoding=\"async\" src=\"\/\/es-gestion.com\/wp-content\/uploads\/2021\/04\/4bVistas-2-min-scaled.jpg\" title=\"4bVistas-2-min\" width=\"2560\" height=\"1707\" class=\"rev-slidebg\" data-no-retina>\n<!--\n\t\t\t\t\t\t\t--><rs-layer\n\t\t\t\t\t\t\t\tid=\"slider-4-slide-21-layer-2\" \n\t\t\t\t\t\t\t\tdata-type=\"text\"\n\t\t\t\t\t\t\t\tdata-color=\"#ffffff||#000000||#ffffff||#ffffff\"\n\t\t\t\t\t\t\t\tdata-rsp_ch=\"on\"\n\t\t\t\t\t\t\t\tdata-xy=\"xo:375px,225px,205px,30px;yo:300px,190px,190px,200px;\"\n\t\t\t\t\t\t\t\tdata-text=\"s:18,18,18,20;l:18;a:inherit;\"\n\t\t\t\t\t\t\t\tdata-frame_0=\"y:-50px;\"\n\t\t\t\t\t\t\t\tdata-frame_1=\"st:400;sp:500;sR:400;\"\n\t\t\t\t\t\t\t\tdata-frame_999=\"y:-50px;o:0;st:w;sp:500;sR:6100;\"\n\t\t\t\t\t\t\t\tstyle=\"z-index:6;font-family:Work Sans;text-shadow:rgb(0 0 0) 0.01em 0.01em 0.1em;\"\n\t\t\t\t\t\t\t>Urban Development \n\t\t\t\t\t\t\t<\/rs-layer><!--\n\n\t\t\t\t\t\t\t--><rs-layer\n\t\t\t\t\t\t\t\tid=\"slider-4-slide-21-layer-3\" \n\t\t\t\t\t\t\t\tdata-type=\"text\"\n\t\t\t\t\t\t\t\tdata-color=\"#ffffff||#000000||#ffffff||#ffffff\"\n\t\t\t\t\t\t\t\tdata-rsp_ch=\"on\"\n\t\t\t\t\t\t\t\tdata-xy=\"xo:370px,220px,200px,28px;yo:360px,250px,250px,236px;\"\n\t\t\t\t\t\t\t\tdata-text=\"s:110,84,84,70;l:100,84,84,65;fw:600;a:inherit;\"\n\t\t\t\t\t\t\t\tdata-frame_0=\"x:-50px;\"\n\t\t\t\t\t\t\t\tdata-frame_1=\"st:200;sp:500;sR:200;\"\n\t\t\t\t\t\t\t\tdata-frame_999=\"x:-50px;o:0;st:w;sp:500;sR:6300;\"\n\t\t\t\t\t\t\t\tstyle=\"z-index:7;font-family:Work Sans;text-shadow:rgb(0 0 0) 0.01em 0.01em 0.1em;\"\n\t\t\t\t\t\t\t>Urban<br>Development \n\t\t\t\t\t\t\t<\/rs-layer><!--\n\n\t\t\t\t\t\t\t--><rs-layer\n\t\t\t\t\t\t\t\tid=\"slider-4-slide-21-layer-6\" \n\t\t\t\t\t\t\t\tdata-type=\"text\"\n\t\t\t\t\t\t\t\tdata-color=\"#ffffff||#000000||#ffffff||#ffffff\"\n\t\t\t\t\t\t\t\tdata-rsp_ch=\"on\"\n\t\t\t\t\t\t\t\tdata-xy=\"x:r,r,l,l;xo:340px,130px,200px,28px;yo:370px,350px,475px,389px;\"\n\t\t\t\t\t\t\t\tdata-text=\"s:72,64,64,48;l:72,64,64,48;fw:600;a:inherit;\"\n\t\t\t\t\t\t\t\tdata-frame_0=\"x:50px;\"\n\t\t\t\t\t\t\t\tdata-frame_1=\"st:200;sp:500;sR:200;\"\n\t\t\t\t\t\t\t\tdata-frame_999=\"x:50px;o:0;st:w;sp:500;sR:6300;\"\n\t\t\t\t\t\t\t\tstyle=\"z-index:9;font-family:Work Sans;text-shadow:rgb(0 0 0) 0.01em 0.01em 0.1em;\"\n\t\t\t\t\t\t\t>02 \n\t\t\t\t\t\t\t<\/rs-layer><!--\n\n\t\t\t\t\t\t\t--><rs-layer\n\t\t\t\t\t\t\t\tid=\"slider-4-slide-21-layer-7\" \n\t\t\t\t\t\t\t\tdata-type=\"text\"\n\t\t\t\t\t\t\t\tdata-color=\"#ffffff||#000000||#ffffff||#ffffff\"\n\t\t\t\t\t\t\t\tdata-rsp_ch=\"on\"\n\t\t\t\t\t\t\t\tdata-xy=\"x:r,r,l,l;xo:305px,100px,275px,86px;yo:370px,350px,475px,390px;\"\n\t\t\t\t\t\t\t\tdata-text=\"s:72,64,64,48;l:72,64,64,48;a:inherit;\"\n\t\t\t\t\t\t\t\tdata-frame_0=\"x:50px;\"\n\t\t\t\t\t\t\t\tdata-frame_1=\"st:200;sp:500;sR:200;\"\n\t\t\t\t\t\t\t\tdata-frame_999=\"x:50px;o:0;st:w;sp:500;sR:6300;\"\n\t\t\t\t\t\t\t\tstyle=\"z-index:10;font-family:Work Sans;text-shadow:rgb(0 0 0) 0.01em 0.01em 0.1em;\"\n\t\t\t\t\t\t\t>\/ \n\t\t\t\t\t\t\t<\/rs-layer><!--\n\n\t\t\t\t\t\t\t--><rs-layer\n\t\t\t\t\t\t\t\tid=\"slider-4-slide-21-layer-8\" \n\t\t\t\t\t\t\t\tdata-type=\"text\"\n\t\t\t\t\t\t\t\tdata-color=\"#ffffff||#000000||#ffffff||#ffffff\"\n\t\t\t\t\t\t\t\tdata-rsp_ch=\"on\"\n\t\t\t\t\t\t\t\tdata-xy=\"x:r,r,l,l;xo:265px,65px,300px,109px;yo:380px,358px,485px,395px;\"\n\t\t\t\t\t\t\t\tdata-text=\"s:30,30,30,24;l:30,30,30,24;a:inherit;\"\n\t\t\t\t\t\t\t\tdata-frame_0=\"x:50px;\"\n\t\t\t\t\t\t\t\tdata-frame_1=\"st:200;sp:500;sR:200;\"\n\t\t\t\t\t\t\t\tdata-frame_999=\"x:50px;o:0;st:w;sp:500;sR:6300;\"\n\t\t\t\t\t\t\t\tstyle=\"z-index:11;font-family:Work Sans;text-shadow:rgb(0 0 0) 0.01em 0.01em 0.1em;\"\n\t\t\t\t\t\t\t>04 \n\t\t\t\t\t\t\t<\/rs-layer><!--\n\n\t\t\t\t\t\t\t--><a\n\t\t\t\t\t\t\t\tid=\"slider-4-slide-21-layer-9\" \n\t\t\t\t\t\t\t\tclass=\"rs-layer\"\n\t\t\t\t\t\t\t\thref=\"http:\/\/es-gestion.com\/en\/urbanismo\/\" target=\"_self\"\n\t\t\t\t\t\t\t\tdata-type=\"text\"\n\t\t\t\t\t\t\t\tdata-color=\"#ffffff||#000000||#ffffff||#ffffff\"\n\t\t\t\t\t\t\t\tdata-rsp_ch=\"on\"\n\t\t\t\t\t\t\t\tdata-xy=\"xo:380px,225px,205px,30px;yo:571px,480px,600px,465px;\"\n\t\t\t\t\t\t\t\tdata-text=\"s:18,18,18,20;l:18;fw:600;a:inherit;\"\n\t\t\t\t\t\t\t\tdata-frame_0=\"y:50px;\"\n\t\t\t\t\t\t\t\tdata-frame_1=\"st:400;sp:500;sR:400;\"\n\t\t\t\t\t\t\t\tdata-frame_999=\"y:50px;o:0;st:w;sp:500;sR:6100;\"\n\t\t\t\t\t\t\t\tstyle=\"z-index:11;font-family:Work Sans;text-shadow:rgb(0 0 0) 0.01em 0.01em 0.1em;\"\n\t\t\t\t\t\t\t>See more <i class=\"icon-chevron-right\" style=\"display: inline-block;    transform: translateY(2px);\"><\/i> \n\t\t\t\t\t\t\t<\/a><!--\n-->\t\t\t\t\t\t<\/rs-slide>\n\t\t\t\t\t\t<rs-slide data-key=\"rs-13\" data-title=\"Slide 3\" data-thumb=\"\/\/es-gestion.com\/wp-content\/uploads\/2021\/04\/1-OFICINAS-CENTRALES-1-Retocada-100x50.jpg\" data-duration=\"7000\" data-anim=\"ei:d;eo:d;s:600;r:0;t:fade;sl:d;\" data-color=\"header-light\" data-p1=\"01.\">\n\t\t\t\t\t\t\t<img loading=\"lazy\" decoding=\"async\" src=\"\/\/es-gestion.com\/wp-content\/uploads\/2021\/04\/1-OFICINAS-CENTRALES-1-Retocada.jpg\" title=\"1-OFICINAS CENTRALES (1)-Retocada\" width=\"2560\" height=\"1920\" class=\"rev-slidebg\" data-no-retina>\n<!--\n\t\t\t\t\t\t\t--><rs-layer\n\t\t\t\t\t\t\t\tid=\"slider-4-slide-13-layer-2\" \n\t\t\t\t\t\t\t\tdata-type=\"text\"\n\t\t\t\t\t\t\t\tdata-color=\"#ffffff||#000000||#ffffff||#ffffff\"\n\t\t\t\t\t\t\t\tdata-rsp_ch=\"on\"\n\t\t\t\t\t\t\t\tdata-xy=\"xo:375px,225px,205px,30px;yo:300px,190px,190px,200px;\"\n\t\t\t\t\t\t\t\tdata-text=\"s:18,18,18,20;l:18;a:inherit;\"\n\t\t\t\t\t\t\t\tdata-frame_0=\"y:-50px;\"\n\t\t\t\t\t\t\t\tdata-frame_1=\"st:400;sp:500;sR:400;\"\n\t\t\t\t\t\t\t\tdata-frame_999=\"y:-50px;o:0;st:w;sp:500;sR:6100;\"\n\t\t\t\t\t\t\t\tstyle=\"z-index:10;font-family:Work Sans;text-shadow:rgb(0 0 0) 0.01em 0.01em 0.1em;\"\n\t\t\t\t\t\t\t>Projects \n\t\t\t\t\t\t\t<\/rs-layer><!--\n\n\t\t\t\t\t\t\t--><rs-layer\n\t\t\t\t\t\t\t\tid=\"slider-4-slide-13-layer-3\" \n\t\t\t\t\t\t\t\tdata-type=\"text\"\n\t\t\t\t\t\t\t\tdata-color=\"#ffffff||#000000||#ffffff||#ffffff\"\n\t\t\t\t\t\t\t\tdata-rsp_ch=\"on\"\n\t\t\t\t\t\t\t\tdata-xy=\"xo:370px,220px,200px,29px;yo:360px,270px,270px,237px;\"\n\t\t\t\t\t\t\t\tdata-text=\"s:110,84,84,70;l:100,84,84,65;fw:600;a:inherit;\"\n\t\t\t\t\t\t\t\tdata-frame_0=\"x:-50px;\"\n\t\t\t\t\t\t\t\tdata-frame_1=\"st:200;sp:500;sR:200;\"\n\t\t\t\t\t\t\t\tdata-frame_999=\"x:-50px;o:0;st:w;sp:500;sR:6300;\"\n\t\t\t\t\t\t\t\tstyle=\"z-index:11;font-family:Work Sans;text-shadow:rgb(0 0 0) 0.01em 0.01em 0.1em;\"\n\t\t\t\t\t\t\t>Project<br>Management \n\t\t\t\t\t\t\t<\/rs-layer><!--\n\n\t\t\t\t\t\t\t--><rs-layer\n\t\t\t\t\t\t\t\tid=\"slider-4-slide-13-layer-6\" \n\t\t\t\t\t\t\t\tdata-type=\"text\"\n\t\t\t\t\t\t\t\tdata-color=\"#ffffff||#000000||#ffffff||#ffffff\"\n\t\t\t\t\t\t\t\tdata-rsp_ch=\"on\"\n\t\t\t\t\t\t\t\tdata-xy=\"x:r,r,l,l;xo:340px,130px,200px,30px;yo:370px,350px,475px,380px;\"\n\t\t\t\t\t\t\t\tdata-text=\"s:72,64,64,48;l:72,64,64,48;fw:600;a:inherit;\"\n\t\t\t\t\t\t\t\tdata-frame_0=\"x:50px;\"\n\t\t\t\t\t\t\t\tdata-frame_1=\"st:200;sp:500;sR:200;\"\n\t\t\t\t\t\t\t\tdata-frame_999=\"x:50px;o:0;st:w;sp:500;sR:6300;\"\n\t\t\t\t\t\t\t\tstyle=\"z-index:12;font-family:Work Sans;text-shadow:rgb(0 0 0) 0.01em 0.01em 0.1em;\"\n\t\t\t\t\t\t\t>03 \n\t\t\t\t\t\t\t<\/rs-layer><!--\n\n\t\t\t\t\t\t\t--><rs-layer\n\t\t\t\t\t\t\t\tid=\"slider-4-slide-13-layer-7\" \n\t\t\t\t\t\t\t\tdata-type=\"text\"\n\t\t\t\t\t\t\t\tdata-color=\"#ffffff||#000000||#ffffff||#ffffff\"\n\t\t\t\t\t\t\t\tdata-rsp_ch=\"on\"\n\t\t\t\t\t\t\t\tdata-xy=\"x:r,r,l,l;xo:305px,100px,275px,88px;yo:370px,350px,475px,380px;\"\n\t\t\t\t\t\t\t\tdata-text=\"s:72,64,64,48;l:72,64,64,48;a:inherit;\"\n\t\t\t\t\t\t\t\tdata-frame_0=\"x:50px;\"\n\t\t\t\t\t\t\t\tdata-frame_1=\"st:200;sp:500;sR:200;\"\n\t\t\t\t\t\t\t\tdata-frame_999=\"x:50px;o:0;st:w;sp:500;sR:6300;\"\n\t\t\t\t\t\t\t\tstyle=\"z-index:13;font-family:Work Sans;text-shadow:rgb(0 0 0) 0.01em 0.01em 0.1em;\"\n\t\t\t\t\t\t\t>\/ \n\t\t\t\t\t\t\t<\/rs-layer><!--\n\n\t\t\t\t\t\t\t--><rs-layer\n\t\t\t\t\t\t\t\tid=\"slider-4-slide-13-layer-8\" \n\t\t\t\t\t\t\t\tdata-type=\"text\"\n\t\t\t\t\t\t\t\tdata-color=\"#ffffff||#000000||#ffffff||#ffffff\"\n\t\t\t\t\t\t\t\tdata-rsp_ch=\"on\"\n\t\t\t\t\t\t\t\tdata-xy=\"x:r,r,l,l;xo:265px,65px,300px,110px;yo:380px,358px,485px,388px;\"\n\t\t\t\t\t\t\t\tdata-text=\"s:30,30,30,24;l:30,30,30,24;a:inherit;\"\n\t\t\t\t\t\t\t\tdata-frame_0=\"x:50px;\"\n\t\t\t\t\t\t\t\tdata-frame_1=\"st:200;sp:500;sR:200;\"\n\t\t\t\t\t\t\t\tdata-frame_999=\"x:50px;o:0;st:w;sp:500;sR:6300;\"\n\t\t\t\t\t\t\t\tstyle=\"z-index:15;font-family:Work Sans;text-shadow:rgb(0 0 0) 0.01em 0.01em 0.1em;\"\n\t\t\t\t\t\t\t>04 \n\t\t\t\t\t\t\t<\/rs-layer><!--\n\n\t\t\t\t\t\t\t--><a\n\t\t\t\t\t\t\t\tid=\"slider-4-slide-13-layer-10\" \n\t\t\t\t\t\t\t\tclass=\"rs-layer\"\n\t\t\t\t\t\t\t\thref=\"http:\/\/es-gestion.com\/en\/project-management\/\" target=\"_self\"\n\t\t\t\t\t\t\t\tdata-type=\"text\"\n\t\t\t\t\t\t\t\tdata-color=\"#ffffff||#000000||#ffffff||#ffffff\"\n\t\t\t\t\t\t\t\tdata-rsp_ch=\"on\"\n\t\t\t\t\t\t\t\tdata-xy=\"xo:379px,225px,205px,30px;yo:568px,480px,600px,465px;\"\n\t\t\t\t\t\t\t\tdata-text=\"s:18,18,18,20;l:18;fw:600;a:inherit;\"\n\t\t\t\t\t\t\t\tdata-frame_0=\"y:50px;\"\n\t\t\t\t\t\t\t\tdata-frame_1=\"st:400;sp:500;sR:400;\"\n\t\t\t\t\t\t\t\tdata-frame_999=\"y:50px;o:0;st:w;sp:500;sR:6100;\"\n\t\t\t\t\t\t\t\tstyle=\"z-index:14;font-family:Work Sans;text-shadow:rgb(0 0 0) 0.01em 0.01em 0.1em;\"\n\t\t\t\t\t\t\t>See more <i class=\"icon-chevron-right\" style=\"display: inline-block;    transform: translateY(2px);\"><\/i> \n\t\t\t\t\t\t\t<\/a><!--\n-->\t\t\t\t\t\t<\/rs-slide>\n\t\t\t\t\t\t<rs-slide data-key=\"rs-25\" data-title=\"Slide 4\" data-thumb=\"\/\/es-gestion.com\/wp-content\/uploads\/2021\/04\/es-gestion-av-francia-min-scaled-100x50.jpg\" data-duration=\"7000\" data-anim=\"ei:d;eo:d;s:600;r:0;t:fade;sl:d;\" data-color=\"header-dark\" data-p1=\"01.\">\n\t\t\t\t\t\t\t<img loading=\"lazy\" decoding=\"async\" src=\"\/\/es-gestion.com\/wp-content\/uploads\/2021\/04\/es-gestion-av-francia-min-scaled.jpg\" title=\"es-gestion-av-francia-min\" width=\"2560\" height=\"1786\" class=\"rev-slidebg\" data-no-retina>\n<!--\n\t\t\t\t\t\t\t--><rs-layer\n\t\t\t\t\t\t\t\tid=\"slider-4-slide-25-layer-2\" \n\t\t\t\t\t\t\t\tdata-type=\"text\"\n\t\t\t\t\t\t\t\tdata-color=\"#ffffff||#000000||#ffffff||#ffffff\"\n\t\t\t\t\t\t\t\tdata-rsp_ch=\"on\"\n\t\t\t\t\t\t\t\tdata-xy=\"xo:375px,225px,205px,30px;yo:300px,190px,190px,200px;\"\n\t\t\t\t\t\t\t\tdata-text=\"s:18,18,18,20;l:18;a:inherit;\"\n\t\t\t\t\t\t\t\tdata-frame_0=\"y:-50px;\"\n\t\t\t\t\t\t\t\tdata-frame_1=\"st:400;sp:500;sR:400;\"\n\t\t\t\t\t\t\t\tdata-frame_999=\"y:-50px;o:0;st:w;sp:500;sR:6100;\"\n\t\t\t\t\t\t\t\tstyle=\"z-index:9;font-family:Work Sans;text-shadow:rgb(0 0 0) 0.01em 0.01em 0.1em;\"\n\t\t\t\t\t\t\t>Urban Development \n\t\t\t\t\t\t\t<\/rs-layer><!--\n\n\t\t\t\t\t\t\t--><rs-layer\n\t\t\t\t\t\t\t\tid=\"slider-4-slide-25-layer-3\" \n\t\t\t\t\t\t\t\tdata-type=\"text\"\n\t\t\t\t\t\t\t\tdata-color=\"#ffffff||#000000||#ffffff||#ffffff\"\n\t\t\t\t\t\t\t\tdata-rsp_ch=\"on\"\n\t\t\t\t\t\t\t\tdata-xy=\"xo:372px,220px,200px,30px;yo:338px,250px,250px,241px;\"\n\t\t\t\t\t\t\t\tdata-text=\"s:110,84,84,70;l:100,84,84,65;fw:600;a:inherit;\"\n\t\t\t\t\t\t\t\tdata-frame_0=\"x:-50px;\"\n\t\t\t\t\t\t\t\tdata-frame_1=\"st:200;sp:500;sR:200;\"\n\t\t\t\t\t\t\t\tdata-frame_999=\"x:-50px;o:0;st:w;sp:500;sR:6300;\"\n\t\t\t\t\t\t\t\tstyle=\"z-index:10;font-family:Work Sans;text-shadow:rgb(0 0 0) 0.01em 0.01em 0.1em;\"\n\t\t\t\t\t\t\t>Land<br> Management \n\t\t\t\t\t\t\t<\/rs-layer><!--\n\n\t\t\t\t\t\t\t--><a\n\t\t\t\t\t\t\t\tid=\"slider-4-slide-25-layer-4\" \n\t\t\t\t\t\t\t\tclass=\"rs-layer\"\n\t\t\t\t\t\t\t\thref=\"http:\/\/es-gestion.com\/en\/gestiones-de-suelo\/\" target=\"_self\"\n\t\t\t\t\t\t\t\tdata-type=\"text\"\n\t\t\t\t\t\t\t\tdata-color=\"#ffffff||#000000||#ffffff||#ffffff\"\n\t\t\t\t\t\t\t\tdata-rsp_ch=\"on\"\n\t\t\t\t\t\t\t\tdata-xy=\"xo:377px,225px,205px,30px;yo:552px,480px,600px,465px;\"\n\t\t\t\t\t\t\t\tdata-text=\"s:18,18,18,20;l:18;fw:600;a:inherit;\"\n\t\t\t\t\t\t\t\tdata-frame_0=\"y:50px;\"\n\t\t\t\t\t\t\t\tdata-frame_1=\"st:400;sp:500;sR:400;\"\n\t\t\t\t\t\t\t\tdata-frame_999=\"y:50px;o:0;st:w;sp:500;sR:6100;\"\n\t\t\t\t\t\t\t\tstyle=\"z-index:11;font-family:Work Sans;text-shadow:rgb(0 0 0) 0.01em 0.01em 0.1em;\"\n\t\t\t\t\t\t\t>See more <i class=\"icon-chevron-right\" style=\"display: inline-block;    transform: translateY(2px);\"><\/i> \n\t\t\t\t\t\t\t<\/a><!--\n\n\t\t\t\t\t\t\t--><rs-layer\n\t\t\t\t\t\t\t\tid=\"slider-4-slide-25-layer-6\" \n\t\t\t\t\t\t\t\tdata-type=\"text\"\n\t\t\t\t\t\t\t\tdata-color=\"#ffffff||#000000||#ffffff||#ffffff\"\n\t\t\t\t\t\t\t\tdata-rsp_ch=\"on\"\n\t\t\t\t\t\t\t\tdata-xy=\"x:r,r,l,l;xo:340px,130px,200px,30px;yo:370px,350px,475px,380px;\"\n\t\t\t\t\t\t\t\tdata-text=\"s:72,64,64,48;l:72,64,64,48;fw:600;a:inherit;\"\n\t\t\t\t\t\t\t\tdata-frame_0=\"x:50px;\"\n\t\t\t\t\t\t\t\tdata-frame_1=\"st:200;sp:500;sR:200;\"\n\t\t\t\t\t\t\t\tdata-frame_999=\"x:50px;o:0;st:w;sp:500;sR:6300;\"\n\t\t\t\t\t\t\t\tstyle=\"z-index:12;font-family:Work Sans;text-shadow:rgb(0 0 0) 0.01em 0.01em 0.1em;\"\n\t\t\t\t\t\t\t>04 \n\t\t\t\t\t\t\t<\/rs-layer><!--\n\n\t\t\t\t\t\t\t--><rs-layer\n\t\t\t\t\t\t\t\tid=\"slider-4-slide-25-layer-7\" \n\t\t\t\t\t\t\t\tdata-type=\"text\"\n\t\t\t\t\t\t\t\tdata-color=\"#ffffff||#000000||#ffffff||#ffffff\"\n\t\t\t\t\t\t\t\tdata-rsp_ch=\"on\"\n\t\t\t\t\t\t\t\tdata-xy=\"x:r,r,l,l;xo:305px,100px,270px,92px;yo:370px,350px,475px,380px;\"\n\t\t\t\t\t\t\t\tdata-text=\"s:72,64,64,48;l:72,64,64,48;a:inherit;\"\n\t\t\t\t\t\t\t\tdata-frame_0=\"x:50px;\"\n\t\t\t\t\t\t\t\tdata-frame_1=\"st:200;sp:500;sR:200;\"\n\t\t\t\t\t\t\t\tdata-frame_999=\"x:50px;o:0;st:w;sp:500;sR:6300;\"\n\t\t\t\t\t\t\t\tstyle=\"z-index:13;font-family:Work Sans;text-shadow:rgb(0 0 0) 0.01em 0.01em 0.1em;\"\n\t\t\t\t\t\t\t>\/ \n\t\t\t\t\t\t\t<\/rs-layer><!--\n\n\t\t\t\t\t\t\t--><rs-layer\n\t\t\t\t\t\t\t\tid=\"slider-4-slide-25-layer-8\" \n\t\t\t\t\t\t\t\tdata-type=\"text\"\n\t\t\t\t\t\t\t\tdata-color=\"#ffffff||#000000||#ffffff||#ffffff\"\n\t\t\t\t\t\t\t\tdata-rsp_ch=\"on\"\n\t\t\t\t\t\t\t\tdata-xy=\"x:r,r,l,l;xo:265px,65px,295px,113px;yo:380px,358px,485px,388px;\"\n\t\t\t\t\t\t\t\tdata-text=\"s:30,30,30,24;l:30,30,30,24;a:inherit;\"\n\t\t\t\t\t\t\t\tdata-frame_0=\"x:50px;\"\n\t\t\t\t\t\t\t\tdata-frame_1=\"st:200;sp:500;sR:200;\"\n\t\t\t\t\t\t\t\tdata-frame_999=\"x:50px;o:0;st:w;sp:500;sR:6300;\"\n\t\t\t\t\t\t\t\tstyle=\"z-index:14;font-family:Work Sans;text-shadow:rgb(0 0 0) 0.01em 0.01em 0.1em;\"\n\t\t\t\t\t\t\t>04 \n\t\t\t\t\t\t\t<\/rs-layer><!--\n-->\t\t\t\t\t\t<\/rs-slide>\n\t\t\t\t\t<\/rs-slides>\n\t\t\t\t\t<rs-static-layers><!--\n\t\t\t\t\t--><\/rs-static-layers>\n\t\t\t\t<\/rs-module>\n\t\t\t\t<script type=\"text\/javascript\">\n\t\t\t\t\tsetREVStartSize({c: 'rev_slider_4_1',rl:[1240,1024,778,480],el:[1000,768,960,720],gw:[1920,1024,778,480],gh:[1000,768,960,720],type:'standard',justify:'',layout:'fullscreen',offsetContainer:'',offset:'',mh:\"0\"});\n\t\t\t\t\tvar\trevapi4,\n\t\t\t\t\t\ttpj;\n\t\t\t\t\tfunction revinit_revslider41() {\n\t\t\t\t\tjQuery(function() {\n\t\t\t\t\t\ttpj = jQuery;\n\t\t\t\t\t\trevapi4 = tpj(\"#rev_slider_4_1\");\n\t\t\t\t\t\tif(revapi4==undefined || revapi4.revolution == undefined){\n\t\t\t\t\t\t\trevslider_showDoubleJqueryError(\"rev_slider_4_1\");\n\t\t\t\t\t\t}else{\n\t\t\t\t\t\t\trevapi4.revolution({\n\t\t\t\t\t\t\t\tsliderLayout:\"fullscreen\",\n\t\t\t\t\t\t\t\tvisibilityLevels:\"1240,1024,778,480\",\n\t\t\t\t\t\t\t\tgridwidth:\"1920,1024,778,480\",\n\t\t\t\t\t\t\t\tgridheight:\"1000,768,960,720\",\n\t\t\t\t\t\t\t\tspinner:\"spinner0\",\n\t\t\t\t\t\t\t\tperspective:600,\n\t\t\t\t\t\t\t\tperspectiveType:\"local\",\n\t\t\t\t\t\t\t\teditorheight:\"1000,768,960,720\",\n\t\t\t\t\t\t\t\tresponsiveLevels:\"1240,1024,778,480\",\n\t\t\t\t\t\t\t\tprogressBar:{disableProgressBar:true},\n\t\t\t\t\t\t\t\tnavigation: {\n\t\t\t\t\t\t\t\t\tmouseScrollNavigation:true,\n\t\t\t\t\t\t\t\t\twheelCallDelay:1000,\n\t\t\t\t\t\t\t\t\tonHoverStop:false,\n\t\t\t\t\t\t\t\t\ttouch: {\n\t\t\t\t\t\t\t\t\t\ttouchenabled:true,\n\t\t\t\t\t\t\t\t\t\ttouchOnDesktop:true\n\t\t\t\t\t\t\t\t\t},\n\t\t\t\t\t\t\t\t\tbullets: {\n\t\t\t\t\t\t\t\t\t\tenable:true,\n\t\t\t\t\t\t\t\t\t\ttmp:\"<span class=\\\"tp-bullet-image\\\"><\/span><span class=\\\"tp-bullet-title\\\"><\/span>\",\n\t\t\t\t\t\t\t\t\t\tstyle:\"baroque-bullets-dark\",\n\t\t\t\t\t\t\t\t\t\thide_onmobile:true,\n\t\t\t\t\t\t\t\t\t\thide_under:768,\n\t\t\t\t\t\t\t\t\t\th_align:\"right\",\n\t\t\t\t\t\t\t\t\t\tv_align:\"center\",\n\t\t\t\t\t\t\t\t\t\th_offset:80,\n\t\t\t\t\t\t\t\t\t\tv_offset:0,\n\t\t\t\t\t\t\t\t\t\tdirection:\"vertical\",\n\t\t\t\t\t\t\t\t\t\tspace:20\n\t\t\t\t\t\t\t\t\t}\n\t\t\t\t\t\t\t\t},\n\t\t\t\t\t\t\t\tfallbacks: {\n\t\t\t\t\t\t\t\t\tallowHTML5AutoPlayOnAndroid:true\n\t\t\t\t\t\t\t\t},\n\t\t\t\t\t\t\t});\n\t\t\t\t\t\t}\n\t\t\t\t\t\t\n\t\t\t\t\t});\n\t\t\t\t\t} \/\/ End of RevInitScript\n\t\t\t\tvar once_revslider41 = false;\n\t\t\t\tif (document.readyState === \"loading\") {document.addEventListener('readystatechange',function() { if((document.readyState === \"interactive\" || document.readyState === \"complete\") && !once_revslider41 ) { once_revslider41 = true; revinit_revslider41();}});} else {once_revslider41 = true; revinit_revslider41();}\n\t\t\t\t<\/script>\n\t\t\t\t<script>\n\t\t\t\t\tvar htmlDivCss = unescape(\".baroque-bullets-dark.tp-bullets%20.tp-bullet%20%7B%0A%09width%3A%209px%3B%0A%20%20%20%20height%3A%209px%3B%0A%20%20%20%20background-color%3A%20%23ccc%3B%0A%20%20%20%20border-radius%3A%2050%25%3B%0A%20%20%20%20transition%3A%20all%200.5s%3B%0A%7D%0A%0A.baroque-bullets-dark.tp-bullets%20.tp-bullet.selected%2C%0A.baroque-bullets-dark.tp-bullets%20.tp-bullet%3Ahover%20%7B%0A%09background-color%3A%20%23000%3B%0A%7D%0A\");\n\t\t\t\t\tvar htmlDiv = document.getElementById('rs-plugin-settings-inline-css');\n\t\t\t\t\tif(htmlDiv) {\n\t\t\t\t\t\thtmlDiv.innerHTML = htmlDiv.innerHTML + htmlDivCss;\n\t\t\t\t\t}else{\n\t\t\t\t\t\tvar htmlDiv = document.createElement('div');\n\t\t\t\t\t\thtmlDiv.innerHTML = '<style>' + htmlDivCss + '<\/style>';\n\t\t\t\t\t\tdocument.getElementsByTagName('head')[0].appendChild(htmlDiv.childNodes[0]);\n\t\t\t\t\t}\n\t\t\t\t<\/script>\n\t\t\t\t<script>\n\t\t\t\t\tvar htmlDivCss = unescape(\"%0A%0A%0A%0A\");\n\t\t\t\t\tvar htmlDiv = document.getElementById('rs-plugin-settings-inline-css');\n\t\t\t\t\tif(htmlDiv) {\n\t\t\t\t\t\thtmlDiv.innerHTML = htmlDiv.innerHTML + htmlDivCss;\n\t\t\t\t\t}else{\n\t\t\t\t\t\tvar htmlDiv = document.createElement('div');\n\t\t\t\t\t\thtmlDiv.innerHTML = '<style>' + htmlDivCss + '<\/style>';\n\t\t\t\t\t\tdocument.getElementsByTagName('head')[0].appendChild(htmlDiv.childNodes[0]);\n\t\t\t\t\t}\n\t\t\t\t<\/script>\n\t\t\t<\/rs-module-wrap>\n\t\t\t<!-- END REVOLUTION SLIDER -->\n<\/div><\/div><\/div><\/div><\/div><\/div><\/div><div class=\"vc_row-full-width vc_clearfix\"><\/div>","protected":false},"excerpt":{"rendered":"Viviendas de calidad Obra Nueva Ver M\u00e1s 01 \/ 04 Urbanismo DesarrollosUrban\u00edsticos 02 \/ 04 Ver M\u00e1s Proyectos ProjectManagement 03 \/ 04 Ver M\u00e1s Urbanismo Gesti\u00f3n de suelo Ver M\u00e1s 04 \/ 04","protected":false},"author":1,"featured_media":0,"parent":0,"menu_order":0,"comment_status":"closed","ping_status":"closed","template":"template-homepage.php","meta":{"_joinchat":[],"footnotes":""},"class_list":["post-16","page","type-page","status-publish","hentry","no-thumb"],"_links":{"self":[{"href":"https:\/\/es-gestion.com\/en\/wp-json\/wp\/v2\/pages\/16","targetHints":{"allow":["GET"]}}],"collection":[{"href":"https:\/\/es-gestion.com\/en\/wp-json\/wp\/v2\/pages"}],"about":[{"href":"https:\/\/es-gestion.com\/en\/wp-json\/wp\/v2\/types\/page"}],"author":[{"embeddable":true,"href":"https:\/\/es-gestion.com\/en\/wp-json\/wp\/v2\/users\/1"}],"replies":[{"embeddable":true,"href":"https:\/\/es-gestion.com\/en\/wp-json\/wp\/v2\/comments?post=16"}],"version-history":[{"count":11,"href":"https:\/\/es-gestion.com\/en\/wp-json\/wp\/v2\/pages\/16\/revisions"}],"predecessor-version":[{"id":3112,"href":"https:\/\/es-gestion.com\/en\/wp-json\/wp\/v2\/pages\/16\/revisions\/3112"}],"wp:attachment":[{"href":"https:\/\/es-gestion.com\/en\/wp-json\/wp\/v2\/media?parent=16"}],"curies":[{"name":"wp","href":"https:\/\/api.w.org\/{rel}","templated":true}]}}